{"id":637,"date":"2022-04-01T17:58:41","date_gmt":"2022-04-01T21:58:41","guid":{"rendered":"https:\/\/made-with-regen.ca\/3d-filament\/"},"modified":"2025-07-11T15:03:22","modified_gmt":"2025-07-11T19:03:22","slug":"filament-3d","status":"publish","type":"page","link":"https:\/\/made-with-regen.ca\/fr\/filament-3d\/","title":{"rendered":"Impression 3D"},"content":{"rendered":"","protected":false},"excerpt":{"rendered":"","protected":false},"author":14,"featured_media":179,"parent":0,"menu_order":1,"comment_status":"closed","ping_status":"closed","template":"page-templates\/3d-filament.php","meta":{"_acf_changed":false,"footnotes":""},"class_list":["post-637","page","type-page","status-publish","has-post-thumbnail","hentry"],"acf":[],"yoast_head":"<!-- This site is optimized with the Yoast SEO plugin v27.2 - https:\/\/yoast.com\/product\/yoast-seo-wordpress\/ -->\n<title>Filament 3D | Fait avec REGEN\ud83c\udd6a | Mat\u00e9riau \u00e9colo pour imprimante 3D<\/title>\n<meta name=\"description\" content=\"Aussi performant et plus r\u00e9sistant que le PLA. Biosourc\u00e9, compostable et canadien. Aussi offert : filament avec fini bois. Achetez maintenant!\" \/>\n<meta name=\"robots\" content=\"index, follow, max-snippet:-1, max-image-preview:large, max-video-preview:-1\" \/>\n<link rel=\"canonical\" href=\"https:\/\/made-with-regen.ca\/fr\/filament-3d\/\" \/>\n<meta property=\"og:locale\" content=\"fr_FR\" \/>\n<meta property=\"og:type\" content=\"article\" \/>\n<meta property=\"og:title\" content=\"3D Filament | Made with REGEN\u2122 | Ecological Material for 3D Printer\" \/>\n<meta property=\"og:description\" content=\"As high-performance as PLA and even stronger. Biobased, compostable and Canadian. Also available: wood-finish filament. SHOP NOW!\" \/>\n<meta property=\"og:url\" content=\"https:\/\/made-with-regen.ca\/fr\/filament-3d\/\" \/>\n<meta property=\"og:site_name\" content=\"Made with REGEN\u2122\" \/>\n<meta property=\"article:publisher\" content=\"https:\/\/www.facebook.com\/MadeWithRegen\" \/>\n<meta property=\"article:modified_time\" content=\"2025-07-11T19:03:22+00:00\" \/>\n<meta property=\"og:image\" content=\"https:\/\/made-with-regen.ca\/wp-content\/uploads\/2022\/04\/regen-image-partage-url.jpg\" \/>\n\t<meta property=\"og:image:width\" content=\"1149\" \/>\n\t<meta property=\"og:image:height\" content=\"599\" \/>\n\t<meta property=\"og:image:type\" content=\"image\/jpeg\" \/>\n<meta name=\"twitter:card\" content=\"summary_large_image\" \/>\n<meta name=\"twitter:title\" content=\"3D Filament | Made with REGEN\u2122 | Ecological Material for 3D Printer\" \/>\n<meta name=\"twitter:description\" content=\"As high-performance as PLA and even stronger. Biobased, compostable and Canadian. Also available: wood-finish filament. SHOP NOW!\" \/>\n<meta name=\"twitter:image\" content=\"https:\/\/made-with-regen.ca\/wp-content\/uploads\/2022\/04\/regen-image-partage-url.jpg\" \/>\n<meta name=\"twitter:label1\" content=\"Dur\u00e9e de lecture estim\u00e9e\" \/>\n\t<meta name=\"twitter:data1\" content=\"1 minute\" \/>\n<script type=\"application\/ld+json\" class=\"yoast-schema-graph\">{\"@context\":\"https:\/\/schema.org\",\"@graph\":[{\"@type\":\"WebPage\",\"@id\":\"https:\/\/made-with-regen.ca\/fr\/filament-3d\/\",\"url\":\"https:\/\/made-with-regen.ca\/fr\/filament-3d\/\",\"name\":\"Filament 3D | Fait avec REGEN\ud83c\udd6a | Mat\u00e9riau \u00e9colo pour imprimante 3D\",\"isPartOf\":{\"@id\":\"https:\/\/made-with-regen.ca\/fr\/#website\"},\"primaryImageOfPage\":{\"@id\":\"https:\/\/made-with-regen.ca\/fr\/filament-3d\/#primaryimage\"},\"image\":{\"@id\":\"https:\/\/made-with-regen.ca\/fr\/filament-3d\/#primaryimage\"},\"thumbnailUrl\":\"https:\/\/made-with-regen.ca\/wp-content\/uploads\/2022\/04\/regen-image-partage-url.jpg\",\"datePublished\":\"2022-04-01T21:58:41+00:00\",\"dateModified\":\"2025-07-11T19:03:22+00:00\",\"description\":\"Aussi performant et plus r\u00e9sistant que le PLA. Biosourc\u00e9, compostable et canadien. Aussi offert : filament avec fini bois. Achetez maintenant!\",\"breadcrumb\":{\"@id\":\"https:\/\/made-with-regen.ca\/fr\/filament-3d\/#breadcrumb\"},\"inLanguage\":\"fr-FR\",\"potentialAction\":[{\"@type\":\"ReadAction\",\"target\":[\"https:\/\/made-with-regen.ca\/fr\/filament-3d\/\"]}]},{\"@type\":\"ImageObject\",\"inLanguage\":\"fr-FR\",\"@id\":\"https:\/\/made-with-regen.ca\/fr\/filament-3d\/#primaryimage\",\"url\":\"https:\/\/made-with-regen.ca\/wp-content\/uploads\/2022\/04\/regen-image-partage-url.jpg\",\"contentUrl\":\"https:\/\/made-with-regen.ca\/wp-content\/uploads\/2022\/04\/regen-image-partage-url.jpg\",\"width\":1149,\"height\":599},{\"@type\":\"BreadcrumbList\",\"@id\":\"https:\/\/made-with-regen.ca\/fr\/filament-3d\/#breadcrumb\",\"itemListElement\":[{\"@type\":\"ListItem\",\"position\":1,\"name\":\"Home\",\"item\":\"https:\/\/made-with-regen.ca\/fr\/home\/\"},{\"@type\":\"ListItem\",\"position\":2,\"name\":\"Impression 3D\"}]},{\"@type\":\"WebSite\",\"@id\":\"https:\/\/made-with-regen.ca\/fr\/#website\",\"url\":\"https:\/\/made-with-regen.ca\/fr\/\",\"name\":\"Made with REGEN\u2122\",\"description\":\"\",\"potentialAction\":[{\"@type\":\"SearchAction\",\"target\":{\"@type\":\"EntryPoint\",\"urlTemplate\":\"https:\/\/made-with-regen.ca\/fr\/?s={search_term_string}\"},\"query-input\":{\"@type\":\"PropertyValueSpecification\",\"valueRequired\":true,\"valueName\":\"search_term_string\"}}],\"inLanguage\":\"fr-FR\"}]}<\/script>\n<!-- \/ Yoast SEO plugin. -->","yoast_head_json":{"title":"Filament 3D | Fait avec REGEN\ud83c\udd6a | Mat\u00e9riau \u00e9colo pour imprimante 3D","description":"Aussi performant et plus r\u00e9sistant que le PLA. Biosourc\u00e9, compostable et canadien. Aussi offert : filament avec fini bois. Achetez maintenant!","robots":{"index":"index","follow":"follow","max-snippet":"max-snippet:-1","max-image-preview":"max-image-preview:large","max-video-preview":"max-video-preview:-1"},"canonical":"https:\/\/made-with-regen.ca\/fr\/filament-3d\/","og_locale":"fr_FR","og_type":"article","og_title":"3D Filament | Made with REGEN\u2122 | Ecological Material for 3D Printer","og_description":"As high-performance as PLA and even stronger. Biobased, compostable and Canadian. Also available: wood-finish filament. SHOP NOW!","og_url":"https:\/\/made-with-regen.ca\/fr\/filament-3d\/","og_site_name":"Made with REGEN\u2122","article_publisher":"https:\/\/www.facebook.com\/MadeWithRegen","article_modified_time":"2025-07-11T19:03:22+00:00","og_image":[{"width":1149,"height":599,"url":"https:\/\/made-with-regen.ca\/wp-content\/uploads\/2022\/04\/regen-image-partage-url.jpg","type":"image\/jpeg"}],"twitter_card":"summary_large_image","twitter_title":"3D Filament | Made with REGEN\u2122 | Ecological Material for 3D Printer","twitter_description":"As high-performance as PLA and even stronger. Biobased, compostable and Canadian. Also available: wood-finish filament. SHOP NOW!","twitter_image":"https:\/\/made-with-regen.ca\/wp-content\/uploads\/2022\/04\/regen-image-partage-url.jpg","twitter_misc":{"Dur\u00e9e de lecture estim\u00e9e":"1 minute"},"schema":{"@context":"https:\/\/schema.org","@graph":[{"@type":"WebPage","@id":"https:\/\/made-with-regen.ca\/fr\/filament-3d\/","url":"https:\/\/made-with-regen.ca\/fr\/filament-3d\/","name":"Filament 3D | Fait avec REGEN\ud83c\udd6a | Mat\u00e9riau \u00e9colo pour imprimante 3D","isPartOf":{"@id":"https:\/\/made-with-regen.ca\/fr\/#website"},"primaryImageOfPage":{"@id":"https:\/\/made-with-regen.ca\/fr\/filament-3d\/#primaryimage"},"image":{"@id":"https:\/\/made-with-regen.ca\/fr\/filament-3d\/#primaryimage"},"thumbnailUrl":"https:\/\/made-with-regen.ca\/wp-content\/uploads\/2022\/04\/regen-image-partage-url.jpg","datePublished":"2022-04-01T21:58:41+00:00","dateModified":"2025-07-11T19:03:22+00:00","description":"Aussi performant et plus r\u00e9sistant que le PLA. Biosourc\u00e9, compostable et canadien. Aussi offert : filament avec fini bois. Achetez maintenant!","breadcrumb":{"@id":"https:\/\/made-with-regen.ca\/fr\/filament-3d\/#breadcrumb"},"inLanguage":"fr-FR","potentialAction":[{"@type":"ReadAction","target":["https:\/\/made-with-regen.ca\/fr\/filament-3d\/"]}]},{"@type":"ImageObject","inLanguage":"fr-FR","@id":"https:\/\/made-with-regen.ca\/fr\/filament-3d\/#primaryimage","url":"https:\/\/made-with-regen.ca\/wp-content\/uploads\/2022\/04\/regen-image-partage-url.jpg","contentUrl":"https:\/\/made-with-regen.ca\/wp-content\/uploads\/2022\/04\/regen-image-partage-url.jpg","width":1149,"height":599},{"@type":"BreadcrumbList","@id":"https:\/\/made-with-regen.ca\/fr\/filament-3d\/#breadcrumb","itemListElement":[{"@type":"ListItem","position":1,"name":"Home","item":"https:\/\/made-with-regen.ca\/fr\/home\/"},{"@type":"ListItem","position":2,"name":"Impression 3D"}]},{"@type":"WebSite","@id":"https:\/\/made-with-regen.ca\/fr\/#website","url":"https:\/\/made-with-regen.ca\/fr\/","name":"Made with REGEN\u2122","description":"","potentialAction":[{"@type":"SearchAction","target":{"@type":"EntryPoint","urlTemplate":"https:\/\/made-with-regen.ca\/fr\/?s={search_term_string}"},"query-input":{"@type":"PropertyValueSpecification","valueRequired":true,"valueName":"search_term_string"}}],"inLanguage":"fr-FR"}]}},"_links":{"self":[{"href":"https:\/\/made-with-regen.ca\/fr\/wp-json\/wp\/v2\/pages\/637","targetHints":{"allow":["GET"]}}],"collection":[{"href":"https:\/\/made-with-regen.ca\/fr\/wp-json\/wp\/v2\/pages"}],"about":[{"href":"https:\/\/made-with-regen.ca\/fr\/wp-json\/wp\/v2\/types\/page"}],"author":[{"embeddable":true,"href":"https:\/\/made-with-regen.ca\/fr\/wp-json\/wp\/v2\/users\/14"}],"replies":[{"embeddable":true,"href":"https:\/\/made-with-regen.ca\/fr\/wp-json\/wp\/v2\/comments?post=637"}],"version-history":[{"count":55,"href":"https:\/\/made-with-regen.ca\/fr\/wp-json\/wp\/v2\/pages\/637\/revisions"}],"predecessor-version":[{"id":2252,"href":"https:\/\/made-with-regen.ca\/fr\/wp-json\/wp\/v2\/pages\/637\/revisions\/2252"}],"wp:featuredmedia":[{"embeddable":true,"href":"https:\/\/made-with-regen.ca\/fr\/wp-json\/wp\/v2\/media\/179"}],"wp:attachment":[{"href":"https:\/\/made-with-regen.ca\/fr\/wp-json\/wp\/v2\/media?parent=637"}],"curies":[{"name":"wp","href":"https:\/\/api.w.org\/{rel}","templated":true}]}}