{"id":559,"date":"2022-04-04T20:13:50","date_gmt":"2022-04-04T20:13:50","guid":{"rendered":"https:\/\/dev.made-with-regen.ca\/cookies-policy\/"},"modified":"2022-05-12T15:49:07","modified_gmt":"2022-05-12T19:49:07","slug":"politique-sur-lutilisation-des-cookies","status":"publish","type":"page","link":"https:\/\/made-with-regen.ca\/fr\/politique-sur-lutilisation-des-cookies\/","title":{"rendered":"Politique sur l\u2019utilisation des cookies"},"content":{"rendered":"<p><strong>Mai 2022<\/strong><\/p>\n<p>La politique en mati\u00e8re de cookies s\u2019applique \u00e0 tous les sites Web, \u00e0 toutes les pages commerciales sur des plateformes de tiers (comme Facebook ou YouTube) et \u00e0 toutes les applications auxquelles vous acc\u00e9dez ou que vous utilisez dans ces sites Web ou ces plateformes de tiers (\u00ab sites de Fait avec REGEN<sup>MC<\/sup> \u00bb) qui sont exploit\u00e9s par Fait avec REGEN<sup>MC<\/sup> ou en son nom.<\/p>\n<p>En utilisant les sites de Fait avec REGEN<sup>MC<\/sup>, vous acceptez que nous utilisions des cookies conform\u00e9ment \u00e0 la pr\u00e9sente politique en mati\u00e8re de cookies. Si vous refusez que nous utilisions des cookies de cette fa\u00e7on, vous devez r\u00e9gler votre navigateur \u00e0 cet effet ou \u00e9viter d\u2019utiliser les sites de Fait avec REGEN<sup>MC<\/sup>. Si vous d\u00e9sactivez les cookies que nous utilisons, cela peut avoir des cons\u00e9quences sur votre exp\u00e9rience utilisateur dans les sites de Fait avec REGEN<sup>MC<\/sup>.<\/p>\n<h3>QU\u2019EST-CE QU\u2019UN COOKIE?<\/h3>\n<p>Un cookie est un fichier ou de l\u2019information qui est enregistr\u00e9 dans votre ordinateur (ou dans un autre dispositif ayant acc\u00e8s \u00e0 Internet comme un t\u00e9l\u00e9phone intelligent ou une tablette) lorsque vous visitez les sites de Fait avec REGEN<sup>MC<\/sup>. Un cookie contiendra normalement le nom du site Web d\u2019o\u00f9 il vient, sa \u00ab dur\u00e9e de vie \u00bb (c\u2019est-\u00e0-dire le temps qu\u2019il demeurera dans votre dispositif) et une valeur, qui est habituellement une cl\u00e9 num\u00e9rique unique g\u00e9n\u00e9r\u00e9e au hasard.<\/p>\n<h3>POURQUOI UTILISE-T-ON DES COOKIES?<\/h3>\n<p>Nous utilisons des cookies pour faciliter l\u2019utilisation des sites de Fait avec REGEN<sup>MC<\/sup> et pour les adapter \u00e0 vos besoins et int\u00e9r\u00eats. Les cookies peuvent aussi \u00eatre utilis\u00e9s pour nous aider \u00e0 acc\u00e9l\u00e9rer vos activit\u00e9s futures et enrichir votre exp\u00e9rience utilisateur dans nos sites. Nous utilisons \u00e9galement des cookies pour dresser des statistiques anonymes et globales qui nous permettront de comprendre la fa\u00e7on dont les utilisateurs se servent de nos sites et pour nous aider \u00e0 am\u00e9liorer leur structure et leur contenu. Cette information ne nous permet pas de vous identifier.<\/p>\n<h3>EST-CE QUE NOUS UTILISONS DES COOKIES DE TIERS?<\/h3>\n<p>Nous faisons appel \u00e0 un certain nombre de fournisseurs qui enregistrent aussi, pour notre compte, des cookies dans vos dispositifs lorsque vous visitez les sites de Fait avec REGEN<sup>MC<\/sup> de fa\u00e7on \u00e0 ce qu\u2019ils puissent vous offrir leurs services. Lorsque vous visitez les sites de Fait avec REGEN<sup>MC<\/sup>, vous pouvez recevoir des cookies de site Web ou de domaines de tiers.<\/p>\n<h3>COMMENT POUVEZ-VOUS CONTR\u00d4LER OU SUPPRIMER DES COOKIES?<\/h3>\n<p>La plupart des navigateurs sont r\u00e9gl\u00e9s de fa\u00e7on \u00e0 accepter automatiquement les cookies. Cela dit, vous pouvez modifier le r\u00e9glage de votre navigateur pour bloquer les cookies ou pour que ce dernier vous avise lorsque des cookies sont envoy\u00e9s \u00e0 votre dispositif. Il y a plusieurs fa\u00e7ons de g\u00e9rer les cookies. Veuillez consulter les instructions de votre navigateur ou l\u2019\u00e9cran d\u2019aide pour en savoir plus sur la fa\u00e7on de d\u00e9finir ou de modifier les r\u00e9glages du navigateur.<\/p>\n<p>Si vous d\u00e9sactivez les cookies que nous utilisons, cela peut avoir des cons\u00e9quences sur votre exp\u00e9rience utilisateur dans les sites de Fait avec REGEN<sup>MC<\/sup>. Si vous utilisez plusieurs appareils pour acc\u00e9der aux sites de Fait avec REGEN<sup>MC<\/sup> (un ordinateur, un t\u00e9l\u00e9phone intelligent, une tablette, etc.), vous devrez vous assurer que les navigateurs de chacun de ceux-ci refl\u00e8tent vos pr\u00e9f\u00e9rences quant au traitement des cookies.<\/p>\n","protected":false},"excerpt":{"rendered":"<p>Mai 2022 La politique en mati\u00e8re de cookies s\u2019applique \u00e0 tous les sites Web, \u00e0 toutes les pages commerciales sur des plateformes de tiers (comme Facebook ou YouTube) et \u00e0 toutes les applications auxquelles vous acc\u00e9dez ou que vous utilisez dans ces sites Web ou ces plateformes de tiers (\u00ab sites de Fait avec REGENMC<span class=\"more\"> [&#8230;]<\/span><\/p>\n","protected":false},"author":14,"featured_media":0,"parent":0,"menu_order":102,"comment_status":"closed","ping_status":"closed","template":"","meta":{"_acf_changed":false,"footnotes":""},"class_list":["post-559","page","type-page","status-publish","hentry"],"acf":[],"yoast_head":"<!-- This site is optimized with the Yoast SEO plugin v27.2 - https:\/\/yoast.com\/product\/yoast-seo-wordpress\/ -->\n<title>Politique sur l\u2019utilisation des cookies - Made with REGEN\u2122<\/title>\n<meta name=\"robots\" content=\"index, follow, max-snippet:-1, max-image-preview:large, max-video-preview:-1\" \/>\n<link rel=\"canonical\" href=\"https:\/\/made-with-regen.ca\/fr\/politique-sur-lutilisation-des-cookies\/\" \/>\n<meta property=\"og:locale\" content=\"fr_FR\" \/>\n<meta property=\"og:type\" content=\"article\" \/>\n<meta property=\"og:title\" content=\"Politique sur l\u2019utilisation des cookies - Made with REGEN\u2122\" \/>\n<meta property=\"og:description\" content=\"Mai 2022 La politique en mati\u00e8re de cookies s\u2019applique \u00e0 tous les sites Web, \u00e0 toutes les pages commerciales sur des plateformes de tiers (comme Facebook ou YouTube) et \u00e0 toutes les applications auxquelles vous acc\u00e9dez ou que vous utilisez dans ces sites Web ou ces plateformes de tiers (\u00ab sites de Fait avec REGENMC [...]\" \/>\n<meta property=\"og:url\" content=\"https:\/\/made-with-regen.ca\/fr\/politique-sur-lutilisation-des-cookies\/\" \/>\n<meta property=\"og:site_name\" content=\"Made with REGEN\u2122\" \/>\n<meta property=\"article:publisher\" content=\"https:\/\/www.facebook.com\/MadeWithRegen\" \/>\n<meta property=\"article:modified_time\" content=\"2022-05-12T19:49:07+00:00\" \/>\n<meta property=\"og:image\" content=\"https:\/\/made-with-regen.ca\/wp-content\/uploads\/2022\/04\/regen-image-partage-url.jpg\" \/>\n\t<meta property=\"og:image:width\" content=\"1149\" \/>\n\t<meta property=\"og:image:height\" content=\"599\" \/>\n\t<meta property=\"og:image:type\" content=\"image\/jpeg\" \/>\n<meta name=\"twitter:card\" content=\"summary_large_image\" \/>\n<meta name=\"twitter:label1\" content=\"Dur\u00e9e de lecture estim\u00e9e\" \/>\n\t<meta name=\"twitter:data1\" content=\"3 minutes\" \/>\n<script type=\"application\/ld+json\" class=\"yoast-schema-graph\">{\"@context\":\"https:\/\/schema.org\",\"@graph\":[{\"@type\":\"WebPage\",\"@id\":\"https:\/\/made-with-regen.ca\/fr\/politique-sur-lutilisation-des-cookies\/\",\"url\":\"https:\/\/made-with-regen.ca\/fr\/politique-sur-lutilisation-des-cookies\/\",\"name\":\"Politique sur l\u2019utilisation des cookies - Made with REGEN\u2122\",\"isPartOf\":{\"@id\":\"https:\/\/made-with-regen.ca\/fr\/#website\"},\"datePublished\":\"2022-04-04T20:13:50+00:00\",\"dateModified\":\"2022-05-12T19:49:07+00:00\",\"breadcrumb\":{\"@id\":\"https:\/\/made-with-regen.ca\/fr\/politique-sur-lutilisation-des-cookies\/#breadcrumb\"},\"inLanguage\":\"fr-FR\",\"potentialAction\":[{\"@type\":\"ReadAction\",\"target\":[\"https:\/\/made-with-regen.ca\/fr\/politique-sur-lutilisation-des-cookies\/\"]}]},{\"@type\":\"BreadcrumbList\",\"@id\":\"https:\/\/made-with-regen.ca\/fr\/politique-sur-lutilisation-des-cookies\/#breadcrumb\",\"itemListElement\":[{\"@type\":\"ListItem\",\"position\":1,\"name\":\"Home\",\"item\":\"https:\/\/made-with-regen.ca\/fr\/home\/\"},{\"@type\":\"ListItem\",\"position\":2,\"name\":\"Politique sur l\u2019ut&hellip;\"}]},{\"@type\":\"WebSite\",\"@id\":\"https:\/\/made-with-regen.ca\/fr\/#website\",\"url\":\"https:\/\/made-with-regen.ca\/fr\/\",\"name\":\"Made with REGEN\u2122\",\"description\":\"\",\"potentialAction\":[{\"@type\":\"SearchAction\",\"target\":{\"@type\":\"EntryPoint\",\"urlTemplate\":\"https:\/\/made-with-regen.ca\/fr\/?s={search_term_string}\"},\"query-input\":{\"@type\":\"PropertyValueSpecification\",\"valueRequired\":true,\"valueName\":\"search_term_string\"}}],\"inLanguage\":\"fr-FR\"}]}<\/script>\n<!-- \/ Yoast SEO plugin. -->","yoast_head_json":{"title":"Politique sur l\u2019utilisation des cookies - Made with REGEN\u2122","robots":{"index":"index","follow":"follow","max-snippet":"max-snippet:-1","max-image-preview":"max-image-preview:large","max-video-preview":"max-video-preview:-1"},"canonical":"https:\/\/made-with-regen.ca\/fr\/politique-sur-lutilisation-des-cookies\/","og_locale":"fr_FR","og_type":"article","og_title":"Politique sur l\u2019utilisation des cookies - Made with REGEN\u2122","og_description":"Mai 2022 La politique en mati\u00e8re de cookies s\u2019applique \u00e0 tous les sites Web, \u00e0 toutes les pages commerciales sur des plateformes de tiers (comme Facebook ou YouTube) et \u00e0 toutes les applications auxquelles vous acc\u00e9dez ou que vous utilisez dans ces sites Web ou ces plateformes de tiers (\u00ab sites de Fait avec REGENMC [...]","og_url":"https:\/\/made-with-regen.ca\/fr\/politique-sur-lutilisation-des-cookies\/","og_site_name":"Made with REGEN\u2122","article_publisher":"https:\/\/www.facebook.com\/MadeWithRegen","article_modified_time":"2022-05-12T19:49:07+00:00","og_image":[{"width":1149,"height":599,"url":"https:\/\/made-with-regen.ca\/wp-content\/uploads\/2022\/04\/regen-image-partage-url.jpg","type":"image\/jpeg"}],"twitter_card":"summary_large_image","twitter_misc":{"Dur\u00e9e de lecture estim\u00e9e":"3 minutes"},"schema":{"@context":"https:\/\/schema.org","@graph":[{"@type":"WebPage","@id":"https:\/\/made-with-regen.ca\/fr\/politique-sur-lutilisation-des-cookies\/","url":"https:\/\/made-with-regen.ca\/fr\/politique-sur-lutilisation-des-cookies\/","name":"Politique sur l\u2019utilisation des cookies - Made with REGEN\u2122","isPartOf":{"@id":"https:\/\/made-with-regen.ca\/fr\/#website"},"datePublished":"2022-04-04T20:13:50+00:00","dateModified":"2022-05-12T19:49:07+00:00","breadcrumb":{"@id":"https:\/\/made-with-regen.ca\/fr\/politique-sur-lutilisation-des-cookies\/#breadcrumb"},"inLanguage":"fr-FR","potentialAction":[{"@type":"ReadAction","target":["https:\/\/made-with-regen.ca\/fr\/politique-sur-lutilisation-des-cookies\/"]}]},{"@type":"BreadcrumbList","@id":"https:\/\/made-with-regen.ca\/fr\/politique-sur-lutilisation-des-cookies\/#breadcrumb","itemListElement":[{"@type":"ListItem","position":1,"name":"Home","item":"https:\/\/made-with-regen.ca\/fr\/home\/"},{"@type":"ListItem","position":2,"name":"Politique sur l\u2019ut&hellip;"}]},{"@type":"WebSite","@id":"https:\/\/made-with-regen.ca\/fr\/#website","url":"https:\/\/made-with-regen.ca\/fr\/","name":"Made with REGEN\u2122","description":"","potentialAction":[{"@type":"SearchAction","target":{"@type":"EntryPoint","urlTemplate":"https:\/\/made-with-regen.ca\/fr\/?s={search_term_string}"},"query-input":{"@type":"PropertyValueSpecification","valueRequired":true,"valueName":"search_term_string"}}],"inLanguage":"fr-FR"}]}},"_links":{"self":[{"href":"https:\/\/made-with-regen.ca\/fr\/wp-json\/wp\/v2\/pages\/559","targetHints":{"allow":["GET"]}}],"collection":[{"href":"https:\/\/made-with-regen.ca\/fr\/wp-json\/wp\/v2\/pages"}],"about":[{"href":"https:\/\/made-with-regen.ca\/fr\/wp-json\/wp\/v2\/types\/page"}],"author":[{"embeddable":true,"href":"https:\/\/made-with-regen.ca\/fr\/wp-json\/wp\/v2\/users\/14"}],"replies":[{"embeddable":true,"href":"https:\/\/made-with-regen.ca\/fr\/wp-json\/wp\/v2\/comments?post=559"}],"version-history":[{"count":6,"href":"https:\/\/made-with-regen.ca\/fr\/wp-json\/wp\/v2\/pages\/559\/revisions"}],"predecessor-version":[{"id":747,"href":"https:\/\/made-with-regen.ca\/fr\/wp-json\/wp\/v2\/pages\/559\/revisions\/747"}],"wp:attachment":[{"href":"https:\/\/made-with-regen.ca\/fr\/wp-json\/wp\/v2\/media?parent=559"}],"curies":[{"name":"wp","href":"https:\/\/api.w.org\/{rel}","templated":true}]}}