{"id":309,"date":"2022-03-31T20:38:17","date_gmt":"2022-03-31T20:38:17","guid":{"rendered":"https:\/\/dev.made-with-regen.ca\/home\/"},"modified":"2025-07-11T14:18:25","modified_gmt":"2025-07-11T18:18:25","slug":"home","status":"publish","type":"page","link":"https:\/\/made-with-regen.ca\/fr\/","title":{"rendered":"Accueil"},"content":{"rendered":"","protected":false},"excerpt":{"rendered":"","protected":false},"author":14,"featured_media":179,"parent":0,"menu_order":0,"comment_status":"closed","ping_status":"closed","template":"page-templates\/accueil.php","meta":{"_acf_changed":false,"footnotes":""},"class_list":["post-309","page","type-page","status-publish","has-post-thumbnail","hentry"],"acf":[],"yoast_head":"<!-- This site is optimized with the Yoast SEO plugin v27.2 - https:\/\/yoast.com\/product\/yoast-seo-wordpress\/ -->\n<title>Fait avec REGEN\ud83c\udd6a | Une alternative \u00e9cologique aux plastiques!<\/title>\n<meta name=\"description\" content=\"REGEN\ud83c\udd6a est un biomat\u00e9riau compostable et certifi\u00e9 biosourc\u00e9 fabriqu\u00e9 par BOSK au Canada. D\u00e9couvrez nos produits et cette mati\u00e8re premi\u00e8re r\u00e9volutionnaire!\" \/>\n<meta name=\"robots\" content=\"index, follow, max-snippet:-1, max-image-preview:large, max-video-preview:-1\" \/>\n<link rel=\"canonical\" href=\"https:\/\/made-with-regen.ca\/fr\/\" \/>\n<meta property=\"og:locale\" content=\"fr_FR\" \/>\n<meta property=\"og:type\" content=\"article\" \/>\n<meta property=\"og:title\" content=\"Made with REGEN\u2122 | A sustainable alternative to plastics | Made in Canada\" \/>\n<meta property=\"og:description\" content=\"REGEN\u2122 is a 100% biosourced and compostable material used for 3D filaments and every application where plastics are used.\" \/>\n<meta property=\"og:url\" content=\"https:\/\/made-with-regen.ca\/fr\/\" \/>\n<meta property=\"og:site_name\" content=\"Made with REGEN\u2122\" \/>\n<meta property=\"article:publisher\" content=\"https:\/\/www.facebook.com\/MadeWithRegen\" \/>\n<meta property=\"article:modified_time\" content=\"2025-07-11T18:18:25+00:00\" \/>\n<meta property=\"og:image\" content=\"https:\/\/made-with-regen.ca\/wp-content\/uploads\/2022\/04\/regen-image-partage-url.jpg\" \/>\n\t<meta property=\"og:image:width\" content=\"1149\" \/>\n\t<meta property=\"og:image:height\" content=\"599\" \/>\n\t<meta property=\"og:image:type\" content=\"image\/jpeg\" \/>\n<meta name=\"twitter:card\" content=\"summary_large_image\" \/>\n<meta name=\"twitter:title\" content=\"Made with REGEN\u2122 | A sustainable alternative to plastics | Made in Canada\" \/>\n<meta name=\"twitter:description\" content=\"REGEN\u2122 is a 100% biosourced and compostable material used for 3D filaments and every application where plastics are used.\" \/>\n<meta name=\"twitter:image\" content=\"https:\/\/made-with-regen.ca\/wp-content\/uploads\/2022\/04\/regen-image-partage-url.jpg\" \/>\n<meta name=\"twitter:label1\" content=\"Dur\u00e9e de lecture estim\u00e9e\" \/>\n\t<meta name=\"twitter:data1\" content=\"1 minute\" \/>\n<script type=\"application\/ld+json\" class=\"yoast-schema-graph\">{\"@context\":\"https:\/\/schema.org\",\"@graph\":[{\"@type\":\"WebPage\",\"@id\":\"https:\/\/made-with-regen.ca\/fr\/\",\"url\":\"https:\/\/made-with-regen.ca\/fr\/\",\"name\":\"Fait avec REGEN\ud83c\udd6a | Une alternative \u00e9cologique aux plastiques!\",\"isPartOf\":{\"@id\":\"https:\/\/made-with-regen.ca\/fr\/#website\"},\"primaryImageOfPage\":{\"@id\":\"https:\/\/made-with-regen.ca\/fr\/#primaryimage\"},\"image\":{\"@id\":\"https:\/\/made-with-regen.ca\/fr\/#primaryimage\"},\"thumbnailUrl\":\"https:\/\/made-with-regen.ca\/wp-content\/uploads\/2022\/04\/regen-image-partage-url.jpg\",\"datePublished\":\"2022-03-31T20:38:17+00:00\",\"dateModified\":\"2025-07-11T18:18:25+00:00\",\"description\":\"REGEN\ud83c\udd6a est un biomat\u00e9riau compostable et certifi\u00e9 biosourc\u00e9 fabriqu\u00e9 par BOSK au Canada. D\u00e9couvrez nos produits et cette mati\u00e8re premi\u00e8re r\u00e9volutionnaire!\",\"breadcrumb\":{\"@id\":\"https:\/\/made-with-regen.ca\/fr\/#breadcrumb\"},\"inLanguage\":\"fr-FR\",\"potentialAction\":[{\"@type\":\"ReadAction\",\"target\":[\"https:\/\/made-with-regen.ca\/fr\/\"]}]},{\"@type\":\"ImageObject\",\"inLanguage\":\"fr-FR\",\"@id\":\"https:\/\/made-with-regen.ca\/fr\/#primaryimage\",\"url\":\"https:\/\/made-with-regen.ca\/wp-content\/uploads\/2022\/04\/regen-image-partage-url.jpg\",\"contentUrl\":\"https:\/\/made-with-regen.ca\/wp-content\/uploads\/2022\/04\/regen-image-partage-url.jpg\",\"width\":1149,\"height\":599},{\"@type\":\"BreadcrumbList\",\"@id\":\"https:\/\/made-with-regen.ca\/fr\/#breadcrumb\",\"itemListElement\":[{\"@type\":\"ListItem\",\"position\":1,\"name\":\"Home\",\"item\":\"https:\/\/made-with-regen.ca\/fr\/home\/\"},{\"@type\":\"ListItem\",\"position\":2,\"name\":\"Accueil\"}]},{\"@type\":\"WebSite\",\"@id\":\"https:\/\/made-with-regen.ca\/fr\/#website\",\"url\":\"https:\/\/made-with-regen.ca\/fr\/\",\"name\":\"Made with REGEN\u2122\",\"description\":\"\",\"potentialAction\":[{\"@type\":\"SearchAction\",\"target\":{\"@type\":\"EntryPoint\",\"urlTemplate\":\"https:\/\/made-with-regen.ca\/fr\/?s={search_term_string}\"},\"query-input\":{\"@type\":\"PropertyValueSpecification\",\"valueRequired\":true,\"valueName\":\"search_term_string\"}}],\"inLanguage\":\"fr-FR\"}]}<\/script>\n<!-- \/ Yoast SEO plugin. -->","yoast_head_json":{"title":"Fait avec REGEN\ud83c\udd6a | Une alternative \u00e9cologique aux plastiques!","description":"REGEN\ud83c\udd6a est un biomat\u00e9riau compostable et certifi\u00e9 biosourc\u00e9 fabriqu\u00e9 par BOSK au Canada. D\u00e9couvrez nos produits et cette mati\u00e8re premi\u00e8re r\u00e9volutionnaire!","robots":{"index":"index","follow":"follow","max-snippet":"max-snippet:-1","max-image-preview":"max-image-preview:large","max-video-preview":"max-video-preview:-1"},"canonical":"https:\/\/made-with-regen.ca\/fr\/","og_locale":"fr_FR","og_type":"article","og_title":"Made with REGEN\u2122 | A sustainable alternative to plastics | Made in Canada","og_description":"REGEN\u2122 is a 100% biosourced and compostable material used for 3D filaments and every application where plastics are used.","og_url":"https:\/\/made-with-regen.ca\/fr\/","og_site_name":"Made with REGEN\u2122","article_publisher":"https:\/\/www.facebook.com\/MadeWithRegen","article_modified_time":"2025-07-11T18:18:25+00:00","og_image":[{"width":1149,"height":599,"url":"https:\/\/made-with-regen.ca\/wp-content\/uploads\/2022\/04\/regen-image-partage-url.jpg","type":"image\/jpeg"}],"twitter_card":"summary_large_image","twitter_title":"Made with REGEN\u2122 | A sustainable alternative to plastics | Made in Canada","twitter_description":"REGEN\u2122 is a 100% biosourced and compostable material used for 3D filaments and every application where plastics are used.","twitter_image":"https:\/\/made-with-regen.ca\/wp-content\/uploads\/2022\/04\/regen-image-partage-url.jpg","twitter_misc":{"Dur\u00e9e de lecture estim\u00e9e":"1 minute"},"schema":{"@context":"https:\/\/schema.org","@graph":[{"@type":"WebPage","@id":"https:\/\/made-with-regen.ca\/fr\/","url":"https:\/\/made-with-regen.ca\/fr\/","name":"Fait avec REGEN\ud83c\udd6a | Une alternative \u00e9cologique aux plastiques!","isPartOf":{"@id":"https:\/\/made-with-regen.ca\/fr\/#website"},"primaryImageOfPage":{"@id":"https:\/\/made-with-regen.ca\/fr\/#primaryimage"},"image":{"@id":"https:\/\/made-with-regen.ca\/fr\/#primaryimage"},"thumbnailUrl":"https:\/\/made-with-regen.ca\/wp-content\/uploads\/2022\/04\/regen-image-partage-url.jpg","datePublished":"2022-03-31T20:38:17+00:00","dateModified":"2025-07-11T18:18:25+00:00","description":"REGEN\ud83c\udd6a est un biomat\u00e9riau compostable et certifi\u00e9 biosourc\u00e9 fabriqu\u00e9 par BOSK au Canada. D\u00e9couvrez nos produits et cette mati\u00e8re premi\u00e8re r\u00e9volutionnaire!","breadcrumb":{"@id":"https:\/\/made-with-regen.ca\/fr\/#breadcrumb"},"inLanguage":"fr-FR","potentialAction":[{"@type":"ReadAction","target":["https:\/\/made-with-regen.ca\/fr\/"]}]},{"@type":"ImageObject","inLanguage":"fr-FR","@id":"https:\/\/made-with-regen.ca\/fr\/#primaryimage","url":"https:\/\/made-with-regen.ca\/wp-content\/uploads\/2022\/04\/regen-image-partage-url.jpg","contentUrl":"https:\/\/made-with-regen.ca\/wp-content\/uploads\/2022\/04\/regen-image-partage-url.jpg","width":1149,"height":599},{"@type":"BreadcrumbList","@id":"https:\/\/made-with-regen.ca\/fr\/#breadcrumb","itemListElement":[{"@type":"ListItem","position":1,"name":"Home","item":"https:\/\/made-with-regen.ca\/fr\/home\/"},{"@type":"ListItem","position":2,"name":"Accueil"}]},{"@type":"WebSite","@id":"https:\/\/made-with-regen.ca\/fr\/#website","url":"https:\/\/made-with-regen.ca\/fr\/","name":"Made with REGEN\u2122","description":"","potentialAction":[{"@type":"SearchAction","target":{"@type":"EntryPoint","urlTemplate":"https:\/\/made-with-regen.ca\/fr\/?s={search_term_string}"},"query-input":{"@type":"PropertyValueSpecification","valueRequired":true,"valueName":"search_term_string"}}],"inLanguage":"fr-FR"}]}},"_links":{"self":[{"href":"https:\/\/made-with-regen.ca\/fr\/wp-json\/wp\/v2\/pages\/309","targetHints":{"allow":["GET"]}}],"collection":[{"href":"https:\/\/made-with-regen.ca\/fr\/wp-json\/wp\/v2\/pages"}],"about":[{"href":"https:\/\/made-with-regen.ca\/fr\/wp-json\/wp\/v2\/types\/page"}],"author":[{"embeddable":true,"href":"https:\/\/made-with-regen.ca\/fr\/wp-json\/wp\/v2\/users\/14"}],"replies":[{"embeddable":true,"href":"https:\/\/made-with-regen.ca\/fr\/wp-json\/wp\/v2\/comments?post=309"}],"version-history":[{"count":38,"href":"https:\/\/made-with-regen.ca\/fr\/wp-json\/wp\/v2\/pages\/309\/revisions"}],"predecessor-version":[{"id":2237,"href":"https:\/\/made-with-regen.ca\/fr\/wp-json\/wp\/v2\/pages\/309\/revisions\/2237"}],"wp:featuredmedia":[{"embeddable":true,"href":"https:\/\/made-with-regen.ca\/fr\/wp-json\/wp\/v2\/media\/179"}],"wp:attachment":[{"href":"https:\/\/made-with-regen.ca\/fr\/wp-json\/wp\/v2\/media?parent=309"}],"curies":[{"name":"wp","href":"https:\/\/api.w.org\/{rel}","templated":true}]}}